{"id":12,"date":"2026-02-07T06:05:52","date_gmt":"2026-02-07T06:05:52","guid":{"rendered":"http:\/\/www.dorfladen-grunern.de\/wordpress\/?page_id=12"},"modified":"2026-02-07T09:32:14","modified_gmt":"2026-02-07T09:32:14","slug":"unser-dorfladen","status":"publish","type":"page","link":"http:\/\/www.dorfladen-grunern.de\/wordpress\/","title":{"rendered":"UNSER DORFLADEN \/ UNSER DORFCAF\u00c9"},"content":{"rendered":"<p style=\"text-align: left;\">Mitten in Grunern &#8211; im Milchh\u00e4usle und im alten Rathaus mit gem\u00fctlichem Au\u00dfenbereich &nbsp;&nbsp;&nbsp;&nbsp;&nbsp;&nbsp;<strong><a href=\"#aktuelles\">#Aktuelles<\/a><\/strong><\/p>\r\n<table style=\"height: 119px;\" width=\"475\">\r\n<tbody>\r\n<tr>\r\n<td>\r\n<h5><span style=\"color: #993300;\">Unser Dorfladen<\/span> e. V.<br>Dorfstra\u00dfe 34 <a href=\"https:\/\/openstreetmap.de\/karte\/?zoom=18&amp;lat=47.87148&amp;lon=7.72118&amp;layers=B00TT\" target=\"_blank\" rel=\"noopener noreferrer\">Karte<\/a><br>79219 Staufen-Grunern<br>07633\/929 91 44<\/h5>\r\n<\/td>\r\n<td>\r\n<h5><span style=\"color: #993300;\">Unser Dorfcaf\u00e9<\/span><br>Dorfstra\u00dfe 32 <br>79219 Staufen-Grunern&nbsp;<\/h5>\r\n<\/td>\r\n<\/tr>\r\n<\/tbody>\r\n<\/table>\r\n<h5 style=\"text-align: center;\"><a href=\"http:\/\/www.dorfladen-grunern.de\/wordpress\/wp-content\/uploads\/2023\/12\/beide.jpg\" target=\"_blank\" rel=\"noopener\">Unsere \u00d6ffnungszeiten<\/a>:<\/h5>\r\n<table>\r\n<tbody>\r\n<tr>\r\n<td>\r\n<p>Dorfladen:<\/p>\r\n<p>Montag bis Samstag<br>07:30 &#8211; 11:00 Uhr<br>ausser: Mittwoch Nachmittag geschlossen<\/p>\r\n<p>Mo. Di, Do, Fr.<br>15:00 &#8211; 18:00 Uhr<br><br>Sonntag<br>8:00 &#8211; 10:00 Uhr<\/p>\r\n<\/td>\r\n<td>\r\n<p>Dorfcaf\u00e9:<\/p>\r\n<p>Montag, Mittwoch, Sonntag<br>14:00 &#8211; 17:30 Uhr<br><br><\/p>\r\n<p>Freitag:&nbsp;&nbsp;Feierabendtreff<br>18:00 &#8211; 23:00 Uhr<\/p>\r\n<\/td>\r\n<\/tr>\r\n<\/tbody>\r\n<\/table>\r\n<p style=\"text-align: center;\">Kaffee und Kuchen sind auch au\u00dferhalb der \u00d6ffnungszeiten des<br>Dorfcaf\u00e9s im Dorfladen erh\u00e4ltlich.<\/p>\r\n<p style=\"text-align: center;\"><span style=\"color: #993300;\">An Feiertagen haben wir geschlossen!<\/span><\/p>\r\n<h4><a name=\"aktuelles\"><\/a>Aktuelles \/ Sonder\u00f6ffnungszeiten<\/h4>\r\n<p><img loading=\"lazy\" decoding=\"async\" class=\"alignright wp-image-16 size-medium\" src=\"http:\/\/www.dorfladen-grunern.de\/wordpress\/wp-content\/uploads\/2021\/03\/kirschen-200x300.jpg\" alt=\"\" width=\"200\" height=\"300\" srcset=\"http:\/\/www.dorfladen-grunern.de\/wordpress\/wp-content\/uploads\/2021\/03\/kirschen-200x300.jpg 200w, http:\/\/www.dorfladen-grunern.de\/wordpress\/wp-content\/uploads\/2021\/03\/kirschen.jpg 367w\" sizes=\"auto, (max-width: 200px) 100vw, 200px\" \/><\/p>\r\n<ul>\r\n<li><strong>Neuer B\u00e4cker im Februar:<\/strong><br>Liebe Mitglieder, liebe Kunden,<br>seit der endg\u00fcltigen Schlie\u00dfung der B\u00e4ckerei Faller bem\u00fchten wir uns um eine weiterhin gesicherte Belieferung mit Backwaren. Einig wurden wir uns schlie\u00dflich mit der B\u00e4ckerei Kaiser aus Ehrenkirchen.<br>Ausf\u00fchrlich hier<br><a href=\"http:\/\/www.dorfladen-grunern.de\/wordpress\/wp-content\/uploads\/2026\/02\/Info_an_Mitglieder_und_Kunden_262.pdf\" target=\"_blank\" rel=\"noopener\">Info an Mitglieder &amp; Kunden<\/a> und hier: <a href=\"http:\/\/www.dorfladen-grunern.de\/wordpress\/?p=1022\">Beitrag<\/a><\/li>\r\n<li>Der Dorfladen in eigener Sache:<br><strong><span style=\"color: #33ff33;\">Wir suchen weitere Mitgieder.<\/span><\/strong> Unser Dorfladen lebt von der Gemeinschaft. Werde jetzt Mitglied im Dorfladen und hilf mit, die Nahversorgung in Grunern zu sichern. <a href=\"http:\/\/www.dorfladen-grunern.de\/wordpress\/wp-content\/uploads\/2025\/08\/Aufruf_zur_Mitgliedschaft.pdf\">Aufruf_zur_Mitgliedschaft<\/a><\/li>\r\n<li>Wir haben keinen Anrufbeantworter; bitte bestellen Sie w\u00e4hrend der Gesch\u00e4ftszeiten bei den Mitarbeitern.<\/li>\r\n<\/ul>\r\n<p>&nbsp;<\/p>\r\n<p>&nbsp;<\/p>\r\n<p><img loading=\"lazy\" decoding=\"async\" class=\"wp-image-51 size-full alignnone\" src=\"http:\/\/www.dorfladen-grunern.de\/wordpress\/wp-content\/uploads\/2021\/03\/Buergerpreis.jpg\" alt=\"Buergerpreis\" width=\"150\" height=\"504\"><\/p>\r\n<p><\/p>\r\n<p>&nbsp;<\/p>\r\n<p><\/p>","protected":false},"excerpt":{"rendered":"<p>Mitten in Grunern &#8211; im Milchh\u00e4usle und im alten Rathaus mit gem\u00fctlichem Au\u00dfenbereich &nbsp;&nbsp;&nbsp;&nbsp;&nbsp;&nbsp;#Aktuelles Unser Dorfladen e. V.Dorfstra\u00dfe 34 Karte79219 Staufen-Grunern07633\/929 91 44 Unser Dorfcaf\u00e9Dorfstra\u00dfe 32 79219 Staufen-Grunern&nbsp; Unsere \u00d6ffnungszeiten: Dorfladen: Montag bis Samstag07:30 &#8211; 11:00 Uhrausser: Mittwoch Nachmittag geschlossen Mo. Di, Do, Fr.15:00 &#8211; 18:00 Uhr Sonntag8:00 &#8211; 10:00 Uhr Dorfcaf\u00e9: Montag, Mittwoch, Sonntag14:00 &hellip; <a href=\"http:\/\/www.dorfladen-grunern.de\/wordpress\/\" class=\"more-link\"><span class=\"screen-reader-text\">UNSER DORFLADEN \/ UNSER DORFCAF\u00c9<\/span> weiterlesen <span class=\"meta-nav\">&rarr;<\/span><\/a><\/p>\n","protected":false},"author":1,"featured_media":0,"parent":0,"menu_order":0,"comment_status":"closed","ping_status":"closed","template":"","meta":{"ngg_post_thumbnail":0,"footnotes":""},"class_list":["post-12","page","type-page","status-publish","hentry"],"_links":{"self":[{"href":"http:\/\/www.dorfladen-grunern.de\/wordpress\/index.php?rest_route=\/wp\/v2\/pages\/12","targetHints":{"allow":["GET"]}}],"collection":[{"href":"http:\/\/www.dorfladen-grunern.de\/wordpress\/index.php?rest_route=\/wp\/v2\/pages"}],"about":[{"href":"http:\/\/www.dorfladen-grunern.de\/wordpress\/index.php?rest_route=\/wp\/v2\/types\/page"}],"author":[{"embeddable":true,"href":"http:\/\/www.dorfladen-grunern.de\/wordpress\/index.php?rest_route=\/wp\/v2\/users\/1"}],"replies":[{"embeddable":true,"href":"http:\/\/www.dorfladen-grunern.de\/wordpress\/index.php?rest_route=%2Fwp%2Fv2%2Fcomments&post=12"}],"version-history":[{"count":88,"href":"http:\/\/www.dorfladen-grunern.de\/wordpress\/index.php?rest_route=\/wp\/v2\/pages\/12\/revisions"}],"predecessor-version":[{"id":1028,"href":"http:\/\/www.dorfladen-grunern.de\/wordpress\/index.php?rest_route=\/wp\/v2\/pages\/12\/revisions\/1028"}],"wp:attachment":[{"href":"http:\/\/www.dorfladen-grunern.de\/wordpress\/index.php?rest_route=%2Fwp%2Fv2%2Fmedia&parent=12"}],"curies":[{"name":"wp","href":"https:\/\/api.w.org\/{rel}","templated":true}]}}