{"id":25,"date":"2021-03-29T08:43:10","date_gmt":"2021-03-29T08:43:10","guid":{"rendered":"http:\/\/www.dorfladen-grunern.de\/wordpress\/?page_id=25"},"modified":"2021-03-29T09:02:28","modified_gmt":"2021-03-29T09:02:28","slug":"datenschutzerklaerung","status":"publish","type":"page","link":"http:\/\/www.dorfladen-grunern.de\/wordpress\/?page_id=25","title":{"rendered":"Datenschutzerkl\u00e4rung"},"content":{"rendered":"\r\n<p>Wir, der Verein \u201eUnser Dorfladen Grunern e.V.\u201c (im Folgenden \u201cwir\/unser(e)&#8220;, nehmen den Schutz Ihrer pers\u00f6nlichen Daten sehr ernst und halten uns streng an alle geltenden Gesetze und Vorschriften zum Datenschutz, insbesondere an die Datenschutzgrundverordnung, (DSGVO), das Bundesdatenschutzgesetz (BDSG) und das Telemediengesetz (TMG). Die folgenden Erl\u00e4uterungen geben Ihnen einen \u00dcberblick dar\u00fcber, wie wir diesen Schutz sicherstellen und welche Daten wir zu welchem Zweck verarbeiten.<\/p>\r\n<h2>1. Nutzungsdaten<\/h2>\r\n\r\n\r\n\r\n<p>Bei jedem Zugriff auf unsere Webseite und bei jedem Abruf einer Datei, werden automatisch \u00fcber diesen Vorgang allgemeine Daten in einer Protokolldatei gespeichert. Die Speicherung dient ausschlie\u00dflich systembezogenen und statistischen Zwecken (auf Grundlage von Art. 6 Abs. 1 Buchst. b) DSGVO), sowie in Ausnahmef\u00e4llen zur Anzeige von Straftaten (auf Grundlage von Art. 6 Abs. 1 Buchst. e) DSGVO).<br \/><br \/>Eine Weitergabe der Daten an Dritte oder eine sonstige Auswertung findet nicht statt, es sei denn, es besteht eine gesetzliche Verpflichtung dazu (Art. 6 Abs. 1 Buchst. e) DSGVO).<br \/><br \/>Im Einzelnen wird \u00fcber jeden Abruf folgender Datensatz gespeichert:<\/p>\r\n\r\n\r\n\r\n<ul class=\"wp-block-list\">\r\n<li>Name der abgerufenen Datei<\/li>\r\n<li>Datum und Uhrzeit des Abrufs<\/li>\r\n<li>\u00fcbertragene Datenmenge<\/li>\r\n<li>Meldung, ob der Abruf erfolgreich war<\/li>\r\n<li>Beschreibung des Typs des verwendeten Webbrowsers<\/li>\r\n<li>verwendetes Betriebssystem<\/li>\r\n<li>die zuvor besuchte Seite<\/li>\r\n<li>Provider<\/li>\r\n<li>Ihre IP-Adresse<\/li>\r\n<\/ul>\r\n\r\n\r\n\r\n<h2 class=\"wp-block-heading\">2. Personenbezogene Daten<\/h2>\r\n\r\n\r\n\r\n<p>Personenbezogene Daten werden von uns nur dann verarbeitet, wenn uns dies gesetzlich gestattet ist, oder Sie uns Ihre Einwilligung erteilt haben. Wir verarbeiten nur solche Daten, die f\u00fcr die Verwaltung des Vereins notwendig sind.<br \/><br \/><\/p>\r\n\r\n\r\n\r\n<p>Im Einzelnen:<\/p>\r\n\r\n\r\n\r\n<h3 class=\"wp-block-heading\">a) Kontakt<\/h3>\r\n\r\n\r\n\r\n<p>Wenn Sie mit uns in Kontakt treten, speichern wir Ihre Daten auf Grundlage von Art. 6 Abs. 1 Buchst. b) DSGVO zum Zwecke der Bearbeitung Ihrer Anfrage, sowie f\u00fcr den Fall, dass eine weitere Korrespondenz stattfinden sollte.<\/p>\r\n\r\n\r\n\r\n<h3 class=\"wp-block-heading\">b) Kommentarfunktion<\/h3>\r\n\r\n\r\n\r\n\r\n\r\n<p>Sie haben die M\u00f6glichkeit, individuelle Kommentare zu einzelnen, auf unserer Webseite ver\u00f6ffentlichten Blog-Beitr\u00e4gen zu hinterlassen.<\/p>\r\n<p>Hinterlassen Sie einen solchen Kommentar, wird zu dem Inhalt des Kommentars selbst, auch der Zeitpunkt der Kommentareingabe gespeichert und ver\u00f6ffentlicht. Dar\u00fcber hinaus wird auch Ihre IP-Adresse protokolliert. Dies geschieht zu Nachweis- und Dokumentationszwecken f\u00fcr den Fall, dass wir auf Grund Ihres Kommentars wegen einer Rechtsverletzung in Anspruch genommen werden sollten. Die Datenverarbeitung ist daher zur Wahrung unserer berechtigten Interessen nach Art. 6 Abs. 1 Buchst. f) DSGVO erforderlich.<\/p>\r\n<p>Eine Weitergabe Ihrer personenbezogenen Daten an Dritte folgt nur, sofern wir hierzu gesetzlich verpflichtet sind (dann auf Basis von Art. 6 Abs. 1 Buchst. e) DSGVO), oder dies zur Wahrung der berechtigten Interessen des Dritten erforderlich ist (dann auf Basis von Art. Art. 6 Abs. 1 Buchst. f) DSGVO).<\/p>\r\n\r\n\r\n\r\n\r\n\r\n<h2 class=\"wp-block-heading\">3. Cookies<\/h2>\r\n\r\n\r\n\r\n<p>Wir setzen keine Cookies ein.<\/p>\r\n\r\n\r\n\r\n<h2 class=\"wp-block-heading\">4. Verwendung eines Analyse-Tools bei unserem Provider.<\/h2>\r\n\r\n\r\n\r\n<p>Unsere Webseite benutzt eine Open-Source-Software zur statistischen Analyse der Besucherzugriffe auf die eigene Webseite. Die erzeugten Informationen \u00fcber die Benutzung dieser Webseite werden auf unseren Servern in Deutschland gespeichert und nicht an Dritte weitergegeben. Ihre IP-Adresse wird sofort nach der Verarbeitung und vor deren Speicherung anonymisiert.<br \/><br \/>Wir st\u00fctzen den Einsatz des vorgenannten Analyse-Tools auf Art. 6 Abs. 1 Buchst. f) DSGVO: die Verarbeitung erfolgt zur Analyse des Nutzungsverhaltens und ist daher zur Wahrung unserer berechtigten Interessen erforderlich.<\/p>\r\n\r\n\r\n\r\n<h2 class=\"wp-block-heading\">5. Verwendung der Social Plugins von Facebook, Twitter, Google+ und Instagram<\/h2>\r\n\r\n\r\n\r\n<p>Eine Verwendung von Social Plugins findet nicht statt.<\/p>\r\n\r\n\r\n\r\n<h2 class=\"wp-block-heading\">6. Verwendung der Social Plugins von YouTube<\/h2>\r\n\r\n\r\n\r\n<p>Findet nicht statt.<br \/><br \/><br \/><\/p>\r\n\r\n\r\n\r\n<h2 class=\"wp-block-heading\">7. Verwendung von Google Webfonts, Google Maps und OpenStreetMap<\/h2>\r\n\r\n\r\n\r\n<h3 class=\"wp-block-heading\">a) Verwendung von Google Webfonts und Google Maps<\/h3>\r\n\r\n\r\n\r\n<p>Findet nicht statt.<br \/><br \/><br \/><\/p>\r\n\r\n\r\n\r\n<h3 class=\"wp-block-heading\">b) Verwendung von OpenStreetMap<\/h3>\r\n\r\n\r\n\r\n<p>Wir verwenden auf unserer Webseite im Bereich Termine Kartenausschnitte von OpenStreetMap (<a href=\"https:\/\/www.openstreetmap.de\/\" target=\"_blank\" rel=\"noreferrer noopener\">https:\/\/www.openstreetmap.de\/<\/a>), um f\u00fcr Sie den Anfahrtsweg zu unserem Unternehmen darzustellen und Ihnen die Planung der Anfahrt zu vereinfachen. Bei OpenStreetMap handelt es sich um ein Open-Source-Mapping-Werkzeug. Damit Ihnen die Karte angezeigt werden kann, wird Ihre IP-Adresse an OpenStreetMap weitergeleitet. Wie OpenStreetMap Ihre Daten speichert, k\u00f6nnen Sie auf der Datenschutzseite von OpenStreetMap hier <a href=\"https:\/\/wiki.openstreetmap.org\/wiki\/DE:Datenschutz\" target=\"_blank\" rel=\"noreferrer noopener\">https:\/\/wiki.openstreetmap.org\/wiki\/DE:Datenschutz<\/a> und hier <a href=\"https:\/\/wiki.openstreetmap.org\/wiki\/DE:Legal_FAQ\" target=\"_blank\" rel=\"noreferrer noopener\">https:\/\/wiki.openstreetmap.org\/wiki\/DE:Legal_FAQ<\/a> einsehen.<br \/><br \/>Wir st\u00fctzen den Einsatz der vorgenannten Tools auf Art. 6 Abs. 1 Buchst. f) DSGVO: die Datenverarbeitung erfolgt zur Verbesserung der Nutzerfreundlichkeit auf unserer Webseite und liegt daher in unserem berechtigten Interesse.<\/p>\r\n\r\n\r\n\r\n<h2 class=\"wp-block-heading\">9. Dauer der Speicherung<\/h2>\r\n\r\n\r\n\r\n<p>\u201eWir speichern Ihre Daten so lange, wie es f\u00fcr eine abschlie\u00dfende Bearbeitung Ihres Anliegens notwendig ist. Die \u00fcber das Analyse-Tool erhobenen Statistikdaten werden bereits bei der Erhebung anonymisiert und die Ergebnisse l\u00e4ngstens 2 Jahre gespeichert.<br \/>Ausgenommen hiervon sind Daten, f\u00fcr die gesetzliche oder anderweitig vorgeschriebene Aufbewahrungspflichten bestehen; diese werden f\u00fcr die Dauer der jeweiligen Aufbewahrungsfrist gespeichert und im Anschluss routinem\u00e4\u00dfig gel\u00f6scht.&#8220;<\/p>\r\n\r\n\r\n\r\n<h2 class=\"wp-block-heading\">10. Betroffenenrechte<\/h2>\r\n\r\n\r\n\r\n<h3 class=\"wp-block-heading\">a) Auskunftsrecht<\/h3>\r\n\r\n\r\n\r\n<p>Sie haben das Recht, von uns eine Best\u00e4tigung dar\u00fcber zu verlangen, ob Sie betreffende personenbezogene Daten verarbeitet werden.<br \/><br \/>Senden Sie hierf\u00fcr bitte einfach eine eMail an info@dorfladen-grunern.de .<\/p>\r\n\r\n\r\n\r\n<h3 class=\"wp-block-heading\">b) Berichtigung\/L\u00f6schung\/Einschr\u00e4nkung der Verarbeitung<\/h3>\r\n\r\n\r\n\r\n<p>Des Weiteren haben Sie das Recht, von uns zu verlangen, dass<\/p>\r\n\r\n\r\n\r\n<ul class=\"wp-block-list\">\r\n<li>Sie betreffende unrichtige personenbezogene Daten unverz\u00fcglich berichtigt werden (Recht auf Berichtigung);<\/li>\r\n<li>Sie betreffende personenbezogene Daten unverz\u00fcglich gel\u00f6scht werden (Recht auf L\u00f6schung) und<\/li>\r\n<li>die Verarbeitung eingeschr\u00e4nkt wird (Recht auf Einschr\u00e4nken der Verarbeitung).<\/li>\r\n<\/ul>\r\n\r\n\r\n\r\n<h3 class=\"wp-block-heading\">c.) Recht auf Daten\u00fcbertragbarkeit<\/h3>\r\n\r\n\r\n\r\n<p>Sie haben das Recht, Sie betreffende personenbezogene Daten, die Sie uns bereitgestellt haben, in einem strukturierten, g\u00e4ngigen und maschinenlesbaren Format zu erhalten und diese Daten einem anderen Verantwortlichen zu \u00fcbermitteln.<br \/><br \/>Senden Sie hierf\u00fcr bitte einfach eine eMail an info@dorfladen-grunern.de<\/p>\r\n\r\n\r\n\r\n<h3 class=\"wp-block-heading\">d) Widerrufsrecht<\/h3>\r\n\r\n\r\n\r\n<p>Sie haben das Recht, Ihre Einwilligung jederzeit zu widerrufen. Durch den Widerruf der Einwilligung wird die Rechtm\u00e4\u00dfigkeit der aufgrund der Einwilligung bis zum Widerruf erfolgten Verarbeitung nicht ber\u00fchrt.<br \/><br \/>Senden Sie hierf\u00fcr bitte einfach eine eMail an info@dorfladen-grunern.de.<\/p>\r\n\r\n\r\n\r\n<h3 class=\"wp-block-heading\">e) Widerspruchsrecht<\/h3>\r\n\r\n\r\n\r\n<p>Ist die Verarbeitung Sie betreffender personenbezogener Daten f\u00fcr die Wahrnehmung einer Aufgabe, die im \u00f6ffentlichen Interesse liegt (Art. 6 Abs. 1 Buchst. e) DSGVO) oder zur Wahrung unserer berechtigten Interessen (Art. 6 Abs. 1 Buchst. f) DSGVO) erforderlich, steht Ihnen ein Widerspruchsrecht zu.<br \/><br \/>Senden Sie hierf\u00fcr bitte einfach eine eMail an info@dorfladen-grunern.de<\/p>\r\n\r\n\r\n\r\n<h3 class=\"wp-block-heading\">f) Beschwerderecht<\/h3>\r\n\r\n\r\n\r\n<p>Sind Sie der Ansicht, dass die Verarbeitung der Sie betreffenden personenbezogenen Daten gegen die DSGVO verst\u00f6\u00dft, haben Sie unbeschadet anderweitiger Rechtsbehelfe das Recht auf Beschwerde bei einer Aufsichtsbeh\u00f6rde.<\/p>\r\n\r\n\r\n\r\n<h2 class=\"wp-block-heading\">11. Unser Datenschutzbeauftragter<\/h2>\r\n\r\n\r\n\r\n<p>Unseren Datenschutzbeauftragten erreichen Sie unter info@dorfladen-grunern.de .<\/p>\r\n\r\n\r\n\r\n<h2 class=\"wp-block-heading\">12. Sicherheit<\/h2>\r\n\r\n\r\n\r\n<p>F\u00fcr die Sicherheit Ihrer Daten verwenden wir modernste Internettechnologien. W\u00e4hrend des Onlineanfrageprozesses sind Ihre Angaben mit einer SSL-Verschl\u00fcsselung gesichert. F\u00fcr eine sichere Speicherung Ihrer Daten werden unsere Systeme durch Firewalls gesch\u00fctzt, die unberechtigte Zugriffe von au\u00dfen verhindern.<\/p>\r\n\r\n\r\n\r\n<p><strong>Ansprechpartner:<\/strong><\/p>\r\n\r\n\r\n\r\n<p>Ulrich W\u00fcst <br \/>Dorfstr. 34 <br \/>79219 Staufen i. Br.<\/p>\r\n","protected":false},"excerpt":{"rendered":"<p>Wir, der Verein \u201eUnser Dorfladen Grunern e.V.\u201c (im Folgenden \u201cwir\/unser(e)&#8220;, nehmen den Schutz Ihrer pers\u00f6nlichen Daten sehr ernst und halten uns streng an alle geltenden Gesetze und Vorschriften zum Datenschutz, insbesondere an die Datenschutzgrundverordnung, (DSGVO), das Bundesdatenschutzgesetz (BDSG) und das Telemediengesetz (TMG). Die folgenden Erl\u00e4uterungen geben Ihnen einen \u00dcberblick dar\u00fcber, wie wir diesen Schutz sicherstellen &hellip; <a href=\"http:\/\/www.dorfladen-grunern.de\/wordpress\/?page_id=25\" class=\"more-link\"><span class=\"screen-reader-text\">Datenschutzerkl\u00e4rung<\/span> weiterlesen <span class=\"meta-nav\">&rarr;<\/span><\/a><\/p>\n","protected":false},"author":1,"featured_media":0,"parent":0,"menu_order":0,"comment_status":"closed","ping_status":"closed","template":"","meta":{"ngg_post_thumbnail":0,"footnotes":""},"class_list":["post-25","page","type-page","status-publish","hentry"],"_links":{"self":[{"href":"http:\/\/www.dorfladen-grunern.de\/wordpress\/index.php?rest_route=\/wp\/v2\/pages\/25","targetHints":{"allow":["GET"]}}],"collection":[{"href":"http:\/\/www.dorfladen-grunern.de\/wordpress\/index.php?rest_route=\/wp\/v2\/pages"}],"about":[{"href":"http:\/\/www.dorfladen-grunern.de\/wordpress\/index.php?rest_route=\/wp\/v2\/types\/page"}],"author":[{"embeddable":true,"href":"http:\/\/www.dorfladen-grunern.de\/wordpress\/index.php?rest_route=\/wp\/v2\/users\/1"}],"replies":[{"embeddable":true,"href":"http:\/\/www.dorfladen-grunern.de\/wordpress\/index.php?rest_route=%2Fwp%2Fv2%2Fcomments&post=25"}],"version-history":[{"count":4,"href":"http:\/\/www.dorfladen-grunern.de\/wordpress\/index.php?rest_route=\/wp\/v2\/pages\/25\/revisions"}],"predecessor-version":[{"id":72,"href":"http:\/\/www.dorfladen-grunern.de\/wordpress\/index.php?rest_route=\/wp\/v2\/pages\/25\/revisions\/72"}],"wp:attachment":[{"href":"http:\/\/www.dorfladen-grunern.de\/wordpress\/index.php?rest_route=%2Fwp%2Fv2%2Fmedia&parent=25"}],"curies":[{"name":"wp","href":"https:\/\/api.w.org\/{rel}","templated":true}]}}